{"id":619,"date":"2025-03-31T10:11:32","date_gmt":"2025-03-31T10:11:32","guid":{"rendered":"https:\/\/lapergolapalma.com\/privacy-policy\/"},"modified":"2025-04-10T10:16:46","modified_gmt":"2025-04-10T10:16:46","slug":"privacy-policy","status":"publish","type":"page","link":"https:\/\/lapergolapalma.com\/en\/privacy-policy\/","title":{"rendered":"Privacy Policy"},"content":{"rendered":"<p>[et_pb_section fb_built=&#8221;1&#8243; admin_label=&#8221;HERO CONTACTO&#8221; _builder_version=&#8221;4.20.4&#8243; _module_preset=&#8221;default&#8221; background_color=&#8221;rgba(147,147,147,0.5)&#8221; background_image=&#8221;https:\/\/lapergolapalma.com\/wp-content\/uploads\/2025\/04\/la_pergola_comida_144.jpg&#8221; background_blend=&#8221;multiply&#8221; custom_padding=&#8221;110px||110px||true|false&#8221; locked=&#8221;off&#8221; collapsed=&#8221;off&#8221; global_colors_info=&#8221;{}&#8221;][et_pb_row _builder_version=&#8221;4.20.4&#8243; _module_preset=&#8221;default&#8221; max_width=&#8221;620px&#8221; module_alignment=&#8221;center&#8221; global_colors_info=&#8221;{}&#8221; link_text_color__hover=&#8221;#ac9358&#8243; link_text_color__hover_enabled=&#8221;on|hover&#8221;][et_pb_column type=&#8221;4_4&#8243; _builder_version=&#8221;4.27.4&#8243; _module_preset=&#8221;default&#8221; global_colors_info=&#8221;{}&#8221;][et_pb_text admin_label=&#8221;HERO CONTACTO&#8221; _builder_version=&#8221;4.20.4&#8243; _module_preset=&#8221;default&#8221; header_font=&#8221;Fjalla One|300||on|||||&#8221; header_text_color=&#8221;#D83026&#8243; header_font_size=&#8221;62px&#8221; header_letter_spacing=&#8221;-0.5px&#8221; header_line_height=&#8221;1.2em&#8221; max_width=&#8221;720px&#8221; module_alignment=&#8221;center&#8221; custom_margin=&#8221;||1%||false|false&#8221; header_font_size_tablet=&#8221;58px&#8221; header_font_size_phone=&#8221;34px&#8221; header_font_size_last_edited=&#8221;on|phone&#8221; header_text_shadow_style=&#8221;preset3&#8243; global_colors_info=&#8221;{}&#8221;]<\/p>\n<h1 style=\"text-align: center;\"><strong>PRIVACY POLICY<\/strong><\/h1>\n<p>[\/et_pb_text][et_pb_text _builder_version=&#8221;4.20.4&#8243; _module_preset=&#8221;default&#8221; text_font_size=&#8221;16px&#8221; link_font=&#8221;Lato|700|||on||||&#8221; link_text_color=&#8221;#AC9358&#8243; header_2_font=&#8221;Fjalla One|700||on|||||&#8221; header_2_text_color=&#8221;#FFFFFF&#8221; header_2_font_size=&#8221;18px&#8221; header_2_letter_spacing=&#8221;0.5px&#8221; max_width=&#8221;620px&#8221; module_alignment=&#8221;center&#8221; locked=&#8221;off&#8221; global_colors_info=&#8221;{}&#8221; link_text_color__hover_enabled=&#8221;on|hover&#8221; link_text_color__hover=&#8221;#ac9358&#8243;]<\/p>\n<h2 style=\"text-align: center;\">LEGAL<\/h2>\n<p>[\/et_pb_text][\/et_pb_column][\/et_pb_row][\/et_pb_section][et_pb_section fb_built=&#8221;1&#8243; admin_label=&#8221;Nuestro Concepto \/ Quienes Somos&#8221; module_id=&#8221;Formulario&#8221; _builder_version=&#8221;4.20.4&#8243; _module_preset=&#8221;default&#8221; custom_padding=&#8221;80px||80px||true|false&#8221; locked=&#8221;off&#8221; collapsed=&#8221;on&#8221; global_colors_info=&#8221;{}&#8221;][et_pb_row use_custom_gutter=&#8221;on&#8221; gutter_width=&#8221;1&#8243; make_equal=&#8221;on&#8221; module_id=&#8221;Formulario&#8221; _builder_version=&#8221;4.20.4&#8243; _module_preset=&#8221;default&#8221; background_enable_color=&#8221;off&#8221; width=&#8221;90%&#8221; width_tablet=&#8221;90%&#8221; width_phone=&#8221;90%&#8221; width_last_edited=&#8221;on|tablet&#8221; max_width=&#8221;90%&#8221; max_width_tablet=&#8221;90%&#8221; max_width_phone=&#8221;90%&#8221; max_width_last_edited=&#8221;on|desktop&#8221; hover_enabled=&#8221;0&#8243; global_colors_info=&#8221;{}&#8221; custom_css_main_element_last_edited=&#8221;on|tablet&#8221; custom_css_main_element_phone=&#8221;display: inherit;||align-items: inherit;&#8221; custom_css_main_element_tablet=&#8221;display: inherit;||align-items: inherit;&#8221; sticky_enabled=&#8221;0&#8243;][et_pb_column type=&#8221;4_4&#8243; _builder_version=&#8221;4.20.4&#8243; _module_preset=&#8221;default&#8221; custom_padding=&#8221;0px||0px||true|true&#8221; custom_padding_tablet=&#8221;5%|35px|5%|35px|true|true&#8221; custom_padding_phone=&#8221;5%|10px|5%|10px|true|true&#8221; custom_padding_last_edited=&#8221;off|desktop&#8221; animation_style=&#8221;fade&#8221; animation_delay=&#8221;500ms&#8221; global_colors_info=&#8221;{}&#8221;][et_pb_text _builder_version=&#8221;4.20.4&#8243; _module_preset=&#8221;default&#8221; header_2_font=&#8221;Fjalla One|700||on|||||&#8221; header_2_text_color=&#8221;#000000&#8243; header_2_font_size=&#8221;12px&#8221; header_2_letter_spacing=&#8221;3px&#8221; header_2_line_height=&#8221;1.4em&#8221; custom_margin=&#8221;0px||0px||false|false&#8221; custom_padding=&#8221;0px||0px||false|false&#8221; hover_enabled=&#8221;0&#8243; global_colors_info=&#8221;{}&#8221; sticky_enabled=&#8221;0&#8243;]<\/p>\n<h2 class=\"titlecolor\" style=\"text-align: left;\">LEGAL<\/h2>\n<p>[\/et_pb_text][et_pb_text _builder_version=&#8221;4.20.4&#8243; _module_preset=&#8221;default&#8221; text_font=&#8221;Lato||||||||&#8221; text_text_color=&#8221;#000000&#8243; text_font_size=&#8221;18px&#8221; text_letter_spacing=&#8221;-0.5px&#8221; text_line_height=&#8221;1.4em&#8221; header_2_font=&#8221;Fjalla One|300||on|||||&#8221; header_2_text_color=&#8221;#D83026&#8243; header_2_font_size=&#8221;46px&#8221; header_2_letter_spacing=&#8221;-0.5px&#8221; header_2_line_height=&#8221;1.2em&#8221; max_width_tablet=&#8221;420px&#8221; max_width_phone=&#8221;90%&#8221; max_width_last_edited=&#8221;on|phone&#8221; module_alignment=&#8221;center&#8221; hover_enabled=&#8221;0&#8243; header_font_size_tablet=&#8221;&#8221; header_font_size_phone=&#8221;28px&#8221; header_font_size_last_edited=&#8221;on|phone&#8221; header_2_font_size_tablet=&#8221;38px&#8221; header_2_font_size_phone=&#8221;34px&#8221; header_2_font_size_last_edited=&#8221;on|phone&#8221; global_colors_info=&#8221;{}&#8221; sticky_enabled=&#8221;0&#8243; link_text_color=&#8221;#D83026&#8243;]<\/p>\n<div class=\"text\">\n<div class=\"text\">\n<h2 data-start=\"1676\" data-end=\"1707\"><strong>Data controller<\/strong><\/h2>\n<p>Please read it carefully. You will find important information about the processing of your personal data and your rights under applicable law. We reserve the right to update our privacy policy at any time for reasons of timeliness, as well as to comply with any legislative or jurisprudential changes. If you have any doubts or need any clarification regarding our privacy policy or your rights, you can contact this office through the channels indicated below. You declare that the data you provide us with, now or in the future, are correct and truthful and you undertake to inform us of any changes to them. If you provide personal data of third parties, you undertake to obtain the prior consent of those concerned and to inform them of the contents of this policy.<\/p>\n<p>In general, the fields on our forms that are marked as compulsory must be completed in order to be able to process your requests. Failure to do so will result in this office not being able to deal with your request. The total or partial reproduction of this page or its contents is prohibited without the express authorisation of its owner.<\/p>\n<p>Owner of the website and those responsible for the processing of your personal data<br \/>The owner of this website is:<\/p>\n<ul data-start=\"1709\" data-end=\"1889\">\n<li class=\"\" data-start=\"1709\" data-end=\"1749\">\n<p><strong>Responsible:<\/strong> COMPLOT TROPICAL SL<\/p>\n<\/li>\n<li class=\"\" data-start=\"1709\" data-end=\"1749\">\n<p><strong>VAT NUMBER:<\/strong> B57518961<\/p>\n<\/li>\n<li class=\"\" data-start=\"1709\" data-end=\"1749\">\n<p><strong>Address:<\/strong> Avda Joan Mir\u00f3, 8, 07014 Palma de Mallorca, Spain<\/p>\n<\/li>\n<li class=\"\" data-start=\"1709\" data-end=\"1749\">\n<p><strong>Contact telephone number:<\/strong> +34 682 14 22 73<\/p>\n<\/li>\n<\/ul>\n<h2 data-start=\"1891\" data-end=\"1920\"><strong>What do we collect and process your data for on this website?<\/strong><\/h2>\n<p class=\"\" data-start=\"1922\" data-end=\"2168\">The data of the users of this page will be processed for the following purposesData collected through the contact form: when you fill in the contact form, the personal data that you voluntarily provide us with through the contact form will only be used to resolve the question that you ask us in the form and to monitor your satisfaction with our response.<\/p>\n<h2 data-start=\"1891\" data-end=\"1920\"><strong>To whom may we disclose your data?<\/strong><\/h2>\n<p class=\"\" data-start=\"1922\" data-end=\"2168\">In the case of the questions you ask us via the contact form, if it is necessary to deal with your request, we will transfer the information to the group company concerned. We will not pass on the data you provide to us except in the event of a legal obligation on our part.<\/p>\n<h2 data-start=\"2170\" data-end=\"2186\"><strong>Legal basis for the processing and transfer of your data<\/strong><\/h2>\n<p class=\"\" data-start=\"2188\" data-end=\"2307\">The legitimacy for our processing of the data you provide through the contact form derives from your consent (article 6.1.a of the GDPR) and our legitimate interest in responding to your requests and following up on your satisfaction with our response (article 6.1.f of the GDPR). You may withdraw this consent at any time, but not retroactively.<\/p>\n<h2 data-start=\"2309\" data-end=\"2326\"><strong>How long will we keep your data?<\/strong><\/h2>\n<p class=\"\" data-start=\"2328\" data-end=\"2383\"><strong>Contacto:\u00a0<\/strong>conservaremos sus datos durante el tiempo necesario para atender las peticiones o cuestiones que nos plantee y hacer seguimiento de su satisfacci\u00f3n ante nuestra respuesta. Derechos en materia de protecci\u00f3n de datosEn los t\u00e9rminos previstos en la normativa vigente, usted puede ejercitar sus derechos de acceso, oposici\u00f3n, rectificaci\u00f3n, cancelaci\u00f3n, portabilidad y limitaci\u00f3n del tratamiento ante las sociedades responsables de cada tratamiento, presentando una solicitud acompa\u00f1ada de copia de documento oficial de identidad en la direcci\u00f3n postal se\u00f1alada en el primer apartado de esta informaci\u00f3n, departamento RGPD, o envi\u00e1ndola por mail a la direcci\u00f3n <a href=\"mailto:info@lapergolapalma.com\">info@lapergolapalma.com<\/a>.\u00a0<\/p>\n<p>You can find more information on how to exercise your rights by visiting the website of the Spanish Data Protection Agency: <a href=\"http:\/\/www.aepd.es\">www.aepd.es<\/a>. Likewise, if you are not happy with the processing of your data, you can file a complaint with the Spanish Data Protection Agency or, if you reside in another European Union country, with the supervisory authority in your country. You can find more information on this subject on the website of the Spanish Data Protection Agency: <a href=\"http:\/\/www.aepd.es\">www.aepd.es<\/a>.<\/p>\n<h2 data-start=\"2385\" data-end=\"2414\"><strong>Security measures<\/strong><\/h2>\n<p class=\"\" data-start=\"2416\" data-end=\"2561\">COMPLOT TROPICAL SL is committed to fulfilling its obligation of confidentiality regarding your personal data and its duty to safeguard it, and will adopt the necessary measures to prevent its alteration, loss, processing, or unauthorized access, in accordance with the provisions of applicable regulations.<\/p>\n<h2 data-start=\"2563\" data-end=\"2587\"><strong>Intellectual property\/trademarks<\/strong><\/h2>\n<p class=\"bodytext\">The reproduction, copying, use, distribution, commercialization, public communication or any other activity that may be carried out with the information contained in these web pages and that is done without express authorization from the companies of COMPLOT TROPICAL SL and\/or the owners of the brands, is an infraction punishable by current legislation. The names and logos displayed on these pages are registered trademarks, property of COMPLETO TROPICAL, which rejects all liability arising from the misuse of the content displayed on these pages and reserves the right to update, delete, establish limitations or restrict access to them at any time, temporarily or permanently.<\/p>\n<\/div>\n<p><\/div>\n<p>[\/et_pb_text][\/et_pb_column][\/et_pb_row][\/et_pb_section]<\/p>\n","protected":false},"excerpt":{"rendered":"<p>PRIVACY POLICYLEGALLEGAL Data controller Please read it carefully. You will find important information about the processing of your personal data and your rights under applicable law. We reserve the right to update our privacy policy at any time for reasons of timeliness, as well as to comply with any legislative or jurisprudential changes. If you [&hellip;]<\/p>\n","protected":false},"author":1,"featured_media":0,"parent":0,"menu_order":0,"comment_status":"closed","ping_status":"closed","template":"","meta":{"_et_pb_use_builder":"on","_et_pb_old_content":"","_et_gb_content_width":"","footnotes":""},"class_list":["post-619","page","type-page","status-publish","hentry"],"yoast_head":"<!-- This site is optimized with the Yoast SEO plugin v26.7 - https:\/\/yoast.com\/wordpress\/plugins\/seo\/ -->\n<title>Privacy Policy - La Pergola<\/title>\n<meta name=\"robots\" content=\"noindex, nofollow\" \/>\n<meta property=\"og:locale\" content=\"en_US\" \/>\n<meta property=\"og:type\" content=\"article\" \/>\n<meta property=\"og:title\" content=\"Privacy Policy - La Pergola\" \/>\n<meta property=\"og:description\" content=\"PRIVACY POLICYLEGALLEGAL Data controller Please read it carefully. You will find important information about the processing of your personal data and your rights under applicable law. We reserve the right to update our privacy policy at any time for reasons of timeliness, as well as to comply with any legislative or jurisprudential changes. If you [&hellip;]\" \/>\n<meta property=\"og:url\" content=\"https:\/\/lapergolapalma.com\/en\/privacy-policy\/\" \/>\n<meta property=\"og:site_name\" content=\"La Pergola\" \/>\n<meta property=\"article:modified_time\" content=\"2025-04-10T10:16:46+00:00\" \/>\n<meta name=\"twitter:card\" content=\"summary_large_image\" \/>\n<meta name=\"twitter:label1\" content=\"Est. reading time\" \/>\n\t<meta name=\"twitter:data1\" content=\"7 minutes\" \/>\n<script type=\"application\/ld+json\" class=\"yoast-schema-graph\">{\"@context\":\"https:\/\/schema.org\",\"@graph\":[{\"@type\":\"WebPage\",\"@id\":\"https:\/\/lapergolapalma.com\/en\/privacy-policy\/\",\"url\":\"https:\/\/lapergolapalma.com\/en\/privacy-policy\/\",\"name\":\"Privacy Policy - La Pergola\",\"isPartOf\":{\"@id\":\"https:\/\/lapergolapalma.com\/en\/#website\"},\"datePublished\":\"2025-03-31T10:11:32+00:00\",\"dateModified\":\"2025-04-10T10:16:46+00:00\",\"breadcrumb\":{\"@id\":\"https:\/\/lapergolapalma.com\/en\/privacy-policy\/#breadcrumb\"},\"inLanguage\":\"en-US\",\"potentialAction\":[{\"@type\":\"ReadAction\",\"target\":[\"https:\/\/lapergolapalma.com\/en\/privacy-policy\/\"]}]},{\"@type\":\"BreadcrumbList\",\"@id\":\"https:\/\/lapergolapalma.com\/en\/privacy-policy\/#breadcrumb\",\"itemListElement\":[{\"@type\":\"ListItem\",\"position\":1,\"name\":\"Portada\",\"item\":\"https:\/\/lapergolapalma.com\/en\/\"},{\"@type\":\"ListItem\",\"position\":2,\"name\":\"Privacy Policy\"}]},{\"@type\":\"WebSite\",\"@id\":\"https:\/\/lapergolapalma.com\/en\/#website\",\"url\":\"https:\/\/lapergolapalma.com\/en\/\",\"name\":\"La Pergola\",\"description\":\"Pintxos y copas\",\"potentialAction\":[{\"@type\":\"SearchAction\",\"target\":{\"@type\":\"EntryPoint\",\"urlTemplate\":\"https:\/\/lapergolapalma.com\/en\/?s={search_term_string}\"},\"query-input\":{\"@type\":\"PropertyValueSpecification\",\"valueRequired\":true,\"valueName\":\"search_term_string\"}}],\"inLanguage\":\"en-US\"}]}<\/script>\n<!-- \/ Yoast SEO plugin. -->","yoast_head_json":{"title":"Privacy Policy - La Pergola","robots":{"index":"noindex","follow":"nofollow"},"og_locale":"en_US","og_type":"article","og_title":"Privacy Policy - La Pergola","og_description":"PRIVACY POLICYLEGALLEGAL Data controller Please read it carefully. You will find important information about the processing of your personal data and your rights under applicable law. We reserve the right to update our privacy policy at any time for reasons of timeliness, as well as to comply with any legislative or jurisprudential changes. If you [&hellip;]","og_url":"https:\/\/lapergolapalma.com\/en\/privacy-policy\/","og_site_name":"La Pergola","article_modified_time":"2025-04-10T10:16:46+00:00","twitter_card":"summary_large_image","twitter_misc":{"Est. reading time":"7 minutes"},"schema":{"@context":"https:\/\/schema.org","@graph":[{"@type":"WebPage","@id":"https:\/\/lapergolapalma.com\/en\/privacy-policy\/","url":"https:\/\/lapergolapalma.com\/en\/privacy-policy\/","name":"Privacy Policy - La Pergola","isPartOf":{"@id":"https:\/\/lapergolapalma.com\/en\/#website"},"datePublished":"2025-03-31T10:11:32+00:00","dateModified":"2025-04-10T10:16:46+00:00","breadcrumb":{"@id":"https:\/\/lapergolapalma.com\/en\/privacy-policy\/#breadcrumb"},"inLanguage":"en-US","potentialAction":[{"@type":"ReadAction","target":["https:\/\/lapergolapalma.com\/en\/privacy-policy\/"]}]},{"@type":"BreadcrumbList","@id":"https:\/\/lapergolapalma.com\/en\/privacy-policy\/#breadcrumb","itemListElement":[{"@type":"ListItem","position":1,"name":"Portada","item":"https:\/\/lapergolapalma.com\/en\/"},{"@type":"ListItem","position":2,"name":"Privacy Policy"}]},{"@type":"WebSite","@id":"https:\/\/lapergolapalma.com\/en\/#website","url":"https:\/\/lapergolapalma.com\/en\/","name":"La Pergola","description":"Pintxos y copas","potentialAction":[{"@type":"SearchAction","target":{"@type":"EntryPoint","urlTemplate":"https:\/\/lapergolapalma.com\/en\/?s={search_term_string}"},"query-input":{"@type":"PropertyValueSpecification","valueRequired":true,"valueName":"search_term_string"}}],"inLanguage":"en-US"}]}},"_links":{"self":[{"href":"https:\/\/lapergolapalma.com\/en\/wp-json\/wp\/v2\/pages\/619","targetHints":{"allow":["GET"]}}],"collection":[{"href":"https:\/\/lapergolapalma.com\/en\/wp-json\/wp\/v2\/pages"}],"about":[{"href":"https:\/\/lapergolapalma.com\/en\/wp-json\/wp\/v2\/types\/page"}],"author":[{"embeddable":true,"href":"https:\/\/lapergolapalma.com\/en\/wp-json\/wp\/v2\/users\/1"}],"replies":[{"embeddable":true,"href":"https:\/\/lapergolapalma.com\/en\/wp-json\/wp\/v2\/comments?post=619"}],"version-history":[{"count":4,"href":"https:\/\/lapergolapalma.com\/en\/wp-json\/wp\/v2\/pages\/619\/revisions"}],"predecessor-version":[{"id":706,"href":"https:\/\/lapergolapalma.com\/en\/wp-json\/wp\/v2\/pages\/619\/revisions\/706"}],"wp:attachment":[{"href":"https:\/\/lapergolapalma.com\/en\/wp-json\/wp\/v2\/media?parent=619"}],"curies":[{"name":"wp","href":"https:\/\/api.w.org\/{rel}","templated":true}]}}