{"id":760,"date":"2025-06-26T06:34:45","date_gmt":"2025-06-26T06:34:45","guid":{"rendered":"https:\/\/lapergolapalma.com\/booking\/"},"modified":"2025-10-20T07:01:54","modified_gmt":"2025-10-20T07:01:54","slug":"booking","status":"publish","type":"page","link":"https:\/\/lapergolapalma.com\/en\/booking\/","title":{"rendered":"Booking"},"content":{"rendered":"<p>[et_pb_section fb_built=&#8221;1&#8243; admin_label=&#8221;HERO CONTACTO&#8221; _builder_version=&#8221;4.20.4&#8243; _module_preset=&#8221;default&#8221; background_color=&#8221;rgba(147,147,147,0.3)&#8221; background_image=&#8221;https:\/\/lapergolapalma.com\/wp-content\/uploads\/2025\/04\/487733821_1208198974640321_4879016173952580020_n.jpg&#8221; background_blend=&#8221;multiply&#8221; custom_padding=&#8221;110px||110px||true|false&#8221; locked=&#8221;off&#8221; collapsed=&#8221;off&#8221; global_colors_info=&#8221;{}&#8221;][et_pb_row _builder_version=&#8221;4.20.4&#8243; _module_preset=&#8221;default&#8221; animation_style=&#8221;fade&#8221; animation_delay=&#8221;500ms&#8221; locked=&#8221;off&#8221; global_colors_info=&#8221;{}&#8221;][et_pb_column type=&#8221;4_4&#8243; _builder_version=&#8221;4.27.4&#8243; _module_preset=&#8221;default&#8221; global_colors_info=&#8221;{}&#8221;][et_pb_text admin_label=&#8221;HERO CONTACTO&#8221; _builder_version=&#8221;4.20.4&#8243; _module_preset=&#8221;default&#8221; header_font=&#8221;Fjalla One|300||on|||||&#8221; header_text_color=&#8221;#FFFFFF&#8221; header_font_size=&#8221;62px&#8221; header_letter_spacing=&#8221;-0.5px&#8221; header_line_height=&#8221;1.2em&#8221; module_alignment=&#8221;center&#8221; custom_margin=&#8221;||1%||false|false&#8221; header_font_size_tablet=&#8221;58px&#8221; header_font_size_phone=&#8221;34px&#8221; header_font_size_last_edited=&#8221;on|phone&#8221; header_text_shadow_style=&#8221;preset1&#8243; global_colors_info=&#8221;{}&#8221;]<\/p>\n<h1 style=\"text-align: center;\"><strong>Reserve your table at La P\u00e9rgola<\/strong><\/h1>\n<p>[\/et_pb_text][\/et_pb_column][\/et_pb_row][\/et_pb_section][et_pb_section fb_built=&#8221;1&#8243; module_id=&#8221;Reservar&#8221; _builder_version=&#8221;4.20.4&#8243; _module_preset=&#8221;default&#8221; background_color=&#8221;RGBA(255,255,255,0)&#8221; custom_padding=&#8221;||0px||false|false&#8221; locked=&#8221;off&#8221; global_colors_info=&#8221;{}&#8221;][et_pb_row use_custom_gutter=&#8221;on&#8221; gutter_width=&#8221;1&#8243; make_equal=&#8221;on&#8221; module_id=&#8221;Formulario&#8221; _builder_version=&#8221;4.20.4&#8243; _module_preset=&#8221;default&#8221; background_enable_color=&#8221;off&#8221; width=&#8221;90%&#8221; width_tablet=&#8221;90%&#8221; width_phone=&#8221;90%&#8221; width_last_edited=&#8221;on|tablet&#8221; max_width=&#8221;90%&#8221; max_width_tablet=&#8221;90%&#8221; max_width_phone=&#8221;90%&#8221; max_width_last_edited=&#8221;on|desktop&#8221; custom_margin=&#8221;||2%||false|false&#8221; custom_padding=&#8221;||||false|false&#8221; custom_css_main_element=&#8221;display: flex;||align-items: center;&#8221; locked=&#8221;off&#8221; global_colors_info=&#8221;{}&#8221; custom_css_main_element_last_edited=&#8221;on|tablet&#8221; custom_css_main_element_phone=&#8221;display: inherit;||align-items: inherit;&#8221; custom_css_main_element_tablet=&#8221;display: inherit;||align-items: inherit;&#8221;][et_pb_column type=&#8221;4_4&#8243; _builder_version=&#8221;4.20.4&#8243; _module_preset=&#8221;default&#8221; custom_padding=&#8221;0px||0px||true|true&#8221; custom_padding_tablet=&#8221;5%|35px|5%|35px|true|true&#8221; custom_padding_phone=&#8221;5%|10px|5%|10px|true|true&#8221; custom_padding_last_edited=&#8221;off|desktop&#8221; animation_style=&#8221;fade&#8221; animation_delay=&#8221;500ms&#8221; global_colors_info=&#8221;{}&#8221;][et_pb_text _builder_version=&#8221;4.20.4&#8243; _module_preset=&#8221;default&#8221; header_2_font=&#8221;Fjalla One|700||on|||||&#8221; header_2_text_color=&#8221;#000000&#8243; header_2_font_size=&#8221;12px&#8221; header_2_letter_spacing=&#8221;3px&#8221; header_2_line_height=&#8221;1.4em&#8221; custom_margin=&#8221;0px||0px||false|false&#8221; custom_padding=&#8221;0px||0px||false|false&#8221; global_colors_info=&#8221;{}&#8221;]<\/p>\n<h2 class=\"titlecolor\" style=\"text-align: center;\">YOUR RESERVATION<\/h2>\n<p>[\/et_pb_text][et_pb_text _builder_version=&#8221;4.20.4&#8243; _module_preset=&#8221;default&#8221; text_font=&#8221;Lato||||||||&#8221; text_text_color=&#8221;#000000&#8243; text_font_size=&#8221;18px&#8221; text_letter_spacing=&#8221;-0.5px&#8221; text_line_height=&#8221;1.2em&#8221; header_2_font=&#8221;Fjalla One|300||on|||||&#8221; header_2_text_color=&#8221;#D83026&#8243; header_2_font_size=&#8221;46px&#8221; header_2_letter_spacing=&#8221;-0.5px&#8221; header_2_line_height=&#8221;1.2em&#8221; max_width=&#8221;420px&#8221; max_width_tablet=&#8221;420px&#8221; max_width_phone=&#8221;90%&#8221; max_width_last_edited=&#8221;on|phone&#8221; module_alignment=&#8221;center&#8221; header_font_size_tablet=&#8221;&#8221; header_font_size_phone=&#8221;28px&#8221; header_font_size_last_edited=&#8221;on|phone&#8221; header_2_font_size_tablet=&#8221;38px&#8221; header_2_font_size_phone=&#8221;34px&#8221; header_2_font_size_last_edited=&#8221;on|phone&#8221; global_colors_info=&#8221;{}&#8221;]<\/p>\n<h2 style=\"text-align: center;\"><strong>Quality tapas with <br \/>local ingredients<\/strong><\/h2>\n<p>[\/et_pb_text][et_pb_text _builder_version=&#8221;4.27.4&#8243; _module_preset=&#8221;default&#8221; text_font=&#8221;Lato||||||||&#8221; text_text_color=&#8221;#000000&#8243; text_font_size=&#8221;20px&#8221; text_letter_spacing=&#8221;-0.5px&#8221; text_line_height=&#8221;1.2em&#8221; link_font=&#8221;||||on||||&#8221; link_text_color=&#8221;#BF2727&#8243; header_2_font=&#8221;Fjalla One|300||on|||||&#8221; header_2_text_color=&#8221;#D83026&#8243; header_2_font_size=&#8221;46px&#8221; header_2_letter_spacing=&#8221;-0.5px&#8221; header_2_line_height=&#8221;1.2em&#8221; max_width=&#8221;720px&#8221; max_width_tablet=&#8221;420px&#8221; max_width_phone=&#8221;90%&#8221; max_width_last_edited=&#8221;on|phone&#8221; module_alignment=&#8221;center&#8221; hover_enabled=&#8221;0&#8243; header_font_size_tablet=&#8221;&#8221; header_font_size_phone=&#8221;28px&#8221; header_font_size_last_edited=&#8221;on|phone&#8221; header_2_font_size_tablet=&#8221;38px&#8221; header_2_font_size_phone=&#8221;34px&#8221; header_2_font_size_last_edited=&#8221;on|phone&#8221; global_colors_info=&#8221;{}&#8221; sticky_enabled=&#8221;0&#8243;]<\/p>\n<div class=\"text\">\n<div class=\"text\">\n<p style=\"text-align: center;\" data-start=\"234\" data-end=\"375\">If your reservation is for our \u00c1TIKO space, you can make it by call to <strong><a href=\"tel:+34675284072\">+34 675 28 40 72<\/a><\/strong><a href=\"mailto:info@lapergolapalma.com\"><\/a>. If, instead, you&#8217;d like to book at La P\u00e9rgola, please do so conveniently through the following booking engine.<\/p>\n<\/div>\n<\/div>\n<p>[\/et_pb_text][\/et_pb_column][\/et_pb_row][et_pb_row _builder_version=&#8221;4.20.4&#8243; _module_preset=&#8221;default&#8221; background_enable_color=&#8221;off&#8221; width_tablet=&#8221;&#8221; width_phone=&#8221;&#8221; width_last_edited=&#8221;on|desktop&#8221; custom_margin=&#8221;||0px||false|false&#8221; custom_padding=&#8221;||0px||false|false&#8221; global_colors_info=&#8221;{}&#8221;][et_pb_column type=&#8221;4_4&#8243; _builder_version=&#8221;4.20.4&#8243; _module_preset=&#8221;default&#8221; custom_padding=&#8221;||0px||false|false&#8221; global_colors_info=&#8221;{}&#8221;][et_pb_code _builder_version=&#8221;4.20.4&#8243; _module_preset=&#8221;default&#8221; background_color=&#8221;RGBA(255,255,255,0)&#8221; custom_margin=&#8221;0px||0px||false|false&#8221; custom_padding=&#8221;0px||0px||false|false&#8221; global_colors_info=&#8221;{}&#8221;]<script type=\"text\/javascript\"<!-- [et_pb_line_break_holder] -->                                                                                        src=\"https:\/\/www.covermanager.com\/js\/iframeResizer.min.js\"><\/script><iframe<!-- [et_pb_line_break_holder] -->                                                            id=&#8221;La-Pergola-Palma&#8221; title=&#8221;Reservas&#8221;<!-- [et_pb_line_break_holder] -->                                                            src=&#8221;https:\/\/www.covermanager.com\/reservation\/module_restaurant\/La-Pergola-Palma\/spanish&#8221;<!-- [et_pb_line_break_holder] -->                                                            allow=&#8221;payment&#8221; frameborder=&#8221;0&#8243; height=&#8221;550&#8243; width=&#8221;100%&#8221; onload=&#8221;iFrameResize();&#8221;><\/iframe>[\/et_pb_code][\/et_pb_column][\/et_pb_row][\/et_pb_section]<\/p>\n","protected":false},"excerpt":{"rendered":"<p>Reserve your table at La P\u00e9rgolaYOUR RESERVATIONQuality tapas with local ingredients If your reservation is for our \u00c1TIKO space, you can make it by call to +34 675 28 40 72. If, instead, you&#8217;d like to book at La P\u00e9rgola, please do so conveniently through the following booking engine.<\/p>\n","protected":false},"author":1,"featured_media":0,"parent":0,"menu_order":0,"comment_status":"closed","ping_status":"closed","template":"","meta":{"_et_pb_use_builder":"on","_et_pb_old_content":"","_et_gb_content_width":"","footnotes":""},"class_list":["post-760","page","type-page","status-publish","hentry"],"yoast_head":"<!-- This site is optimized with the Yoast SEO plugin v26.7 - https:\/\/yoast.com\/wordpress\/plugins\/seo\/ -->\n<title>Booking - La Pergola<\/title>\n<meta name=\"robots\" content=\"index, follow, max-snippet:-1, max-image-preview:large, max-video-preview:-1\" \/>\n<link rel=\"canonical\" href=\"https:\/\/lapergolapalma.com\/en\/booking\/\" \/>\n<meta property=\"og:locale\" content=\"en_US\" \/>\n<meta property=\"og:type\" content=\"article\" \/>\n<meta property=\"og:title\" content=\"Booking - La Pergola\" \/>\n<meta property=\"og:description\" content=\"Reserve your table at La P\u00e9rgolaYOUR RESERVATIONQuality tapas with local ingredients If your reservation is for our \u00c1TIKO space, you can make it by call to +34 675 28 40 72. If, instead, you&#039;d like to book at La P\u00e9rgola, please do so conveniently through the following booking engine.\" \/>\n<meta property=\"og:url\" content=\"https:\/\/lapergolapalma.com\/en\/booking\/\" \/>\n<meta property=\"og:site_name\" content=\"La Pergola\" \/>\n<meta property=\"article:modified_time\" content=\"2025-10-20T07:01:54+00:00\" \/>\n<meta name=\"twitter:card\" content=\"summary_large_image\" \/>\n<meta name=\"twitter:label1\" content=\"Est. reading time\" \/>\n\t<meta name=\"twitter:data1\" content=\"4 minutes\" \/>\n<script type=\"application\/ld+json\" class=\"yoast-schema-graph\">{\"@context\":\"https:\/\/schema.org\",\"@graph\":[{\"@type\":\"WebPage\",\"@id\":\"https:\/\/lapergolapalma.com\/en\/booking\/\",\"url\":\"https:\/\/lapergolapalma.com\/en\/booking\/\",\"name\":\"Booking - La Pergola\",\"isPartOf\":{\"@id\":\"https:\/\/lapergolapalma.com\/en\/#website\"},\"datePublished\":\"2025-06-26T06:34:45+00:00\",\"dateModified\":\"2025-10-20T07:01:54+00:00\",\"breadcrumb\":{\"@id\":\"https:\/\/lapergolapalma.com\/en\/booking\/#breadcrumb\"},\"inLanguage\":\"en-US\",\"potentialAction\":[{\"@type\":\"ReadAction\",\"target\":[\"https:\/\/lapergolapalma.com\/en\/booking\/\"]}]},{\"@type\":\"BreadcrumbList\",\"@id\":\"https:\/\/lapergolapalma.com\/en\/booking\/#breadcrumb\",\"itemListElement\":[{\"@type\":\"ListItem\",\"position\":1,\"name\":\"Portada\",\"item\":\"https:\/\/lapergolapalma.com\/en\/\"},{\"@type\":\"ListItem\",\"position\":2,\"name\":\"Booking\"}]},{\"@type\":\"WebSite\",\"@id\":\"https:\/\/lapergolapalma.com\/en\/#website\",\"url\":\"https:\/\/lapergolapalma.com\/en\/\",\"name\":\"La Pergola\",\"description\":\"Pintxos y copas\",\"potentialAction\":[{\"@type\":\"SearchAction\",\"target\":{\"@type\":\"EntryPoint\",\"urlTemplate\":\"https:\/\/lapergolapalma.com\/en\/?s={search_term_string}\"},\"query-input\":{\"@type\":\"PropertyValueSpecification\",\"valueRequired\":true,\"valueName\":\"search_term_string\"}}],\"inLanguage\":\"en-US\"}]}<\/script>\n<!-- \/ Yoast SEO plugin. -->","yoast_head_json":{"title":"Booking - La Pergola","robots":{"index":"index","follow":"follow","max-snippet":"max-snippet:-1","max-image-preview":"max-image-preview:large","max-video-preview":"max-video-preview:-1"},"canonical":"https:\/\/lapergolapalma.com\/en\/booking\/","og_locale":"en_US","og_type":"article","og_title":"Booking - La Pergola","og_description":"Reserve your table at La P\u00e9rgolaYOUR RESERVATIONQuality tapas with local ingredients If your reservation is for our \u00c1TIKO space, you can make it by call to +34 675 28 40 72. If, instead, you'd like to book at La P\u00e9rgola, please do so conveniently through the following booking engine.","og_url":"https:\/\/lapergolapalma.com\/en\/booking\/","og_site_name":"La Pergola","article_modified_time":"2025-10-20T07:01:54+00:00","twitter_card":"summary_large_image","twitter_misc":{"Est. reading time":"4 minutes"},"schema":{"@context":"https:\/\/schema.org","@graph":[{"@type":"WebPage","@id":"https:\/\/lapergolapalma.com\/en\/booking\/","url":"https:\/\/lapergolapalma.com\/en\/booking\/","name":"Booking - La Pergola","isPartOf":{"@id":"https:\/\/lapergolapalma.com\/en\/#website"},"datePublished":"2025-06-26T06:34:45+00:00","dateModified":"2025-10-20T07:01:54+00:00","breadcrumb":{"@id":"https:\/\/lapergolapalma.com\/en\/booking\/#breadcrumb"},"inLanguage":"en-US","potentialAction":[{"@type":"ReadAction","target":["https:\/\/lapergolapalma.com\/en\/booking\/"]}]},{"@type":"BreadcrumbList","@id":"https:\/\/lapergolapalma.com\/en\/booking\/#breadcrumb","itemListElement":[{"@type":"ListItem","position":1,"name":"Portada","item":"https:\/\/lapergolapalma.com\/en\/"},{"@type":"ListItem","position":2,"name":"Booking"}]},{"@type":"WebSite","@id":"https:\/\/lapergolapalma.com\/en\/#website","url":"https:\/\/lapergolapalma.com\/en\/","name":"La Pergola","description":"Pintxos y copas","potentialAction":[{"@type":"SearchAction","target":{"@type":"EntryPoint","urlTemplate":"https:\/\/lapergolapalma.com\/en\/?s={search_term_string}"},"query-input":{"@type":"PropertyValueSpecification","valueRequired":true,"valueName":"search_term_string"}}],"inLanguage":"en-US"}]}},"_links":{"self":[{"href":"https:\/\/lapergolapalma.com\/en\/wp-json\/wp\/v2\/pages\/760","targetHints":{"allow":["GET"]}}],"collection":[{"href":"https:\/\/lapergolapalma.com\/en\/wp-json\/wp\/v2\/pages"}],"about":[{"href":"https:\/\/lapergolapalma.com\/en\/wp-json\/wp\/v2\/types\/page"}],"author":[{"embeddable":true,"href":"https:\/\/lapergolapalma.com\/en\/wp-json\/wp\/v2\/users\/1"}],"replies":[{"embeddable":true,"href":"https:\/\/lapergolapalma.com\/en\/wp-json\/wp\/v2\/comments?post=760"}],"version-history":[{"count":3,"href":"https:\/\/lapergolapalma.com\/en\/wp-json\/wp\/v2\/pages\/760\/revisions"}],"predecessor-version":[{"id":789,"href":"https:\/\/lapergolapalma.com\/en\/wp-json\/wp\/v2\/pages\/760\/revisions\/789"}],"wp:attachment":[{"href":"https:\/\/lapergolapalma.com\/en\/wp-json\/wp\/v2\/media?parent=760"}],"curies":[{"name":"wp","href":"https:\/\/api.w.org\/{rel}","templated":true}]}}